{"id":5249,"date":"2023-05-04T10:14:42","date_gmt":"2023-05-04T08:14:42","guid":{"rendered":"https:\/\/www.adocia.com\/produits-et-plateformes\/plateformes-technologiques\/"},"modified":"2026-01-14T17:17:02","modified_gmt":"2026-01-14T16:17:02","slug":"plateformes-technologiques","status":"publish","type":"page","link":"https:\/\/www.adocia.com\/fr\/produits-et-plateformes\/plateformes-technologiques\/","title":{"rendered":"Plateformes technologiques"},"content":{"rendered":"<section class=\"wpb-content-wrapper\"><p>[vc_row content_placement=\u00a0\u00bbmiddle\u00a0\u00bb el_id=\u00a0\u00bbfirstimg\u00a0\u00bb css=\u00a0\u00bb.vc_custom_1715003145001{background-image: url(https:\/\/www.adocia.com\/composants\/uploads\/2024\/05\/Adocia-2024-10.jpg?id=18240) !important;background-position: center !important;background-repeat: no-repeat !important;background-size: cover !important;}\u00a0\u00bb][vc_column][vc_row_inner el_class=\u00a0\u00bbcontainer\u00a0\u00bb][vc_column_inner el_class=\u00a0\u00bbfadeInLeft\u00a0\u00bb width=\u00a0\u00bb3\/4&Prime; offset=\u00a0\u00bbvc_col-lg-7 vc_col-md-8&Prime;][vc_column_text el_class=\u00a0\u00bbh1&Prime;]Produits<br \/>\n&amp; plateformes[\/vc_column_text][vc_column_text]<\/p>\n<p class=\"p1\">La mission d&rsquo;Adocia est de d\u00e9velopper des formulations innovantes de peptides approuv\u00e9s et de nouvelles approches de th\u00e9rapie cellulaire pour le traitement du diab\u00e8te et de l&rsquo;ob\u00e9sit\u00e9<\/p>\n<p>[\/vc_column_text]\n        <a class=\"theme-btn\" href=\"https:\/\/www.adocia.com\/fr\/contact\/\" target=\"\" rel=\"\">\n        Nous contacter                    <img decoding=\"async\" src=\"https:\/\/www.adocia.com\/composants\/themes\/adocia\/inc\/assets\/img\/icon-arrow_right.svg\" alt=\"Arrow right\">\n            <\/a>\n    \n    [\/vc_column_inner][\/vc_row_inner][\/vc_column][\/vc_row][vc_row el_class=\u00a0\u00bbcontainer block-separator\u00a0\u00bb][vc_column][vc_column_text][\/vc_column_text][\/vc_column][\/vc_row][vc_section css=\u00a0\u00bb.vc_custom_1686062736796{background-image: url(https:\/\/www.adocia.com\/composants\/uploads\/2023\/06\/bg-drawing-3.jpg?id=2278) !important;background-position: center !important;background-repeat: no-repeat !important;background-size: cover !important;}\u00a0\u00bb][vc_row el_class=\u00a0\u00bbcontainer\u00a0\u00bb][vc_column][vc_column_text]\t\t\t<!-- Flexy Breadcrumb -->\r\n\t\t\t<div class=\"fbc fbc-page\">\r\n\r\n\t\t\t\t<!-- Breadcrumb wrapper -->\r\n\t\t\t\t<div class=\"fbc-wrap\">\r\n\r\n\t\t\t\t\t<!-- Ordered list-->\r\n\t\t\t\t\t<ol class=\"fbc-items\" itemscope itemtype=\"https:\/\/schema.org\/BreadcrumbList\">\r\n\t\t\t\t\t\t            <li itemprop=\"itemListElement\" itemscope itemtype=\"https:\/\/schema.org\/ListItem\">\r\n                <span itemprop=\"name\">\r\n                    <!-- Home Link -->\r\n                    <a itemprop=\"item\" href=\"https:\/\/www.adocia.com\/fr\/\">\r\n                    \r\n                        Accueil                    <\/a>\r\n                <\/span>\r\n                <meta itemprop=\"position\" content=\"1\" \/><!-- Meta Position-->\r\n             <\/li><li><span class=\"fbc-separator\">><\/span><\/li><li class=\"active\" itemprop=\"itemListElement\" itemscope itemtype=\"https:\/\/schema.org\/ListItem\"><span itemprop=\"name\" title=\"Plateformes technologiques\">Plateformes technologiques<\/span><meta itemprop=\"position\" content=\"2\" \/><\/li>\t\t\t\t\t<\/ol>\r\n\t\t\t\t\t<div class=\"clearfix\"><\/div>\r\n\t\t\t\t<\/div>\r\n\t\t\t<\/div>\r\n\t\t\t[\/vc_column_text][vc_column_text]<\/p>\n<h1 class=\"h2\">Plateformes<br \/>\ntechnologiques<\/h1>\n<p>Innovation en chimie, physico-chimie biologie, et biochimie est dans l&rsquo;ADN d&rsquo;Adocia depuis sa cr\u00e9ation. Les quatre plateformes technologiques d&rsquo;Adocia s&rsquo;appuient sur des innovations de rupture pour r\u00e9pondre \u00e0 des besoins non satisfaits et apporter une valeur m\u00e9dicale aux patients.[\/vc_column_text][vc_row_inner][vc_column_inner el_class=\u00a0\u00bbblock_link_container four-column\u00a0\u00bb]\n    <div class=\"block_link\">\n        <a href=\"https:\/\/www.adocia.com\/fr\/technology-platform\/biochaperone\/\" target=\"\">\n            <img loading=\"lazy\" decoding=\"async\" width=\"110\" height=\"110\" src=\"https:\/\/www.adocia.com\/composants\/uploads\/2023\/06\/icon-biochaperone.png\" class=\"attachment-full size-full\" alt=\"\" \/>            <div class=\"content\">\n                <span class=\"title\">BIOCHAPERONE<sup>\u00ae<\/sup><\/span>\n                                    <span class=\"seemore\">voir plus<\/span>\n                            <\/div>\n        <\/a>\n    <\/div>\n\n    \n    <div class=\"block_link\">\n        <a href=\"https:\/\/www.adocia.com\/fr\/technology-platform\/adoshell\/\" target=\"\">\n            <img loading=\"lazy\" decoding=\"async\" width=\"110\" height=\"110\" src=\"https:\/\/www.adocia.com\/composants\/uploads\/2023\/06\/icon-adoshell.png\" class=\"attachment-full size-full\" alt=\"\" \/>            <div class=\"content\">\n                <span class=\"title\">ADOSHELL<sup>\u00ae<\/sup><\/span>\n                                    <span class=\"seemore\">voir plus<\/span>\n                            <\/div>\n        <\/a>\n    <\/div>\n\n    \n    <div class=\"block_link\">\n        <a href=\"https:\/\/www.adocia.com\/fr\/technology-platform\/adoral\/\" target=\"\">\n            <img loading=\"lazy\" decoding=\"async\" width=\"110\" height=\"110\" src=\"https:\/\/www.adocia.com\/composants\/uploads\/2023\/06\/icon-adoral.png\" class=\"attachment-full size-full\" alt=\"\" \/>            <div class=\"content\">\n                <span class=\"title\">ADORAL<sup>\u00ae<\/sup><\/span>\n                                    <span class=\"seemore\">voir plus<\/span>\n                            <\/div>\n        <\/a>\n    <\/div>\n\n    \n    <div class=\"block_link\">\n        <a href=\"https:\/\/www.adocia.com\/fr\/technology-platform\/adogel\/\" target=\"\">\n            <img loading=\"lazy\" decoding=\"async\" width=\"110\" height=\"110\" src=\"https:\/\/www.adocia.com\/composants\/uploads\/2023\/06\/icon-adogel.png\" class=\"attachment-full size-full\" alt=\"\" \/>            <div class=\"content\">\n                <span class=\"title\">ADOXLONG<sup>\u00ae<\/sup><\/span>\n                                    <span class=\"seemore\">voir plus<\/span>\n                            <\/div>\n        <\/a>\n    <\/div>\n\n    [\/vc_column_inner][\/vc_row_inner][\/vc_column][\/vc_row][\/vc_section]<\/p>\n<\/section>","protected":false},"excerpt":{"rendered":"<p>[vc_row content_placement=\u00a0\u00bbmiddle\u00a0\u00bb el_id=\u00a0\u00bbfirstimg\u00a0\u00bb css=\u00a0\u00bb.vc_custom_1715003145001{background-image: url(https:\/\/www.adocia.com\/composants\/uploads\/2024\/05\/Adocia-2024-10.jpg?id=18240) !important;background-position: center !important;background-repeat: no-repeat !important;background-size: cover !important;}\u00a0\u00bb][vc_column][vc_row_inner el_class=\u00a0\u00bbcontainer\u00a0\u00bb][vc_column_inner el_class=\u00a0\u00bbfadeInLeft\u00a0\u00bb width=\u00a0\u00bb3\/4&Prime; offset=\u00a0\u00bbvc_col-lg-7 vc_col-md-8&Prime;][vc_column_text el_class=\u00a0\u00bbh1&Prime;]Produits &amp; plateformes[\/vc_column_text][vc_column_text] La mission d&rsquo;Adocia est de [&hellip;]<\/p>\n","protected":false},"author":1,"featured_media":0,"parent":5234,"menu_order":1,"comment_status":"closed","ping_status":"closed","template":"","meta":{"_monsterinsights_skip_tracking":false,"_monsterinsights_sitenote_active":false,"_monsterinsights_sitenote_note":"","_monsterinsights_sitenote_category":0,"footnotes":""},"acf":[],"aioseo_notices":[],"_links":{"self":[{"href":"https:\/\/www.adocia.com\/fr\/wp-json\/wp\/v2\/pages\/5249"}],"collection":[{"href":"https:\/\/www.adocia.com\/fr\/wp-json\/wp\/v2\/pages"}],"about":[{"href":"https:\/\/www.adocia.com\/fr\/wp-json\/wp\/v2\/types\/page"}],"author":[{"embeddable":true,"href":"https:\/\/www.adocia.com\/fr\/wp-json\/wp\/v2\/users\/1"}],"replies":[{"embeddable":true,"href":"https:\/\/www.adocia.com\/fr\/wp-json\/wp\/v2\/comments?post=5249"}],"version-history":[{"count":16,"href":"https:\/\/www.adocia.com\/fr\/wp-json\/wp\/v2\/pages\/5249\/revisions"}],"predecessor-version":[{"id":23940,"href":"https:\/\/www.adocia.com\/fr\/wp-json\/wp\/v2\/pages\/5249\/revisions\/23940"}],"up":[{"embeddable":true,"href":"https:\/\/www.adocia.com\/fr\/wp-json\/wp\/v2\/pages\/5234"}],"wp:attachment":[{"href":"https:\/\/www.adocia.com\/fr\/wp-json\/wp\/v2\/media?parent=5249"}],"curies":[{"name":"wp","href":"https:\/\/api.w.org\/{rel}","templated":true}]}}