{"id":5197,"date":"2023-06-06T16:52:36","date_gmt":"2023-06-06T14:52:36","guid":{"rendered":"https:\/\/www.adocia.com\/carriere\/environnement-de-travail\/"},"modified":"2024-04-25T10:09:09","modified_gmt":"2024-04-25T08:09:09","slug":"environnement-de-travail","status":"publish","type":"page","link":"https:\/\/www.adocia.com\/fr\/carriere\/environnement-de-travail\/","title":{"rendered":"Environnement de travail"},"content":{"rendered":"<section class=\"wpb-content-wrapper\"><p>[vc_row content_placement=\u00a0\u00bbmiddle\u00a0\u00bb el_id=\u00a0\u00bbfirstimg\u00a0\u00bb css=\u00a0\u00bb.vc_custom_1714032490821{background-image: url(https:\/\/www.adocia.com\/composants\/uploads\/2024\/04\/Adocia-2024-20-1.jpg?id=18062) !important;background-position: center !important;background-repeat: no-repeat !important;background-size: cover !important;}\u00a0\u00bb][vc_column][vc_row_inner el_class=\u00a0\u00bbcontainer\u00a0\u00bb][vc_column_inner el_class=\u00a0\u00bbfadeInLeft\u00a0\u00bb width=\u00a0\u00bb3\/4&Prime; offset=\u00a0\u00bbvc_col-md-5&Prime;][vc_column_text]<\/p>\n<h1>Environnement<br \/>\nde travail<\/h1>\n<p>[\/vc_column_text][vc_column_text][\/vc_column_text][\/vc_column_inner][\/vc_row_inner][\/vc_column][\/vc_row][vc_row content_placement=\u00a0\u00bbmiddle\u00a0\u00bb el_class=\u00a0\u00bbcontainer block-separator\u00a0\u00bb][vc_column][vc_column_text][\/vc_column_text][\/vc_column][\/vc_row][vc_row el_class=\u00a0\u00bbcontainer pt-3 mt-5&Prime;][vc_column][vc_column_text]\t\t\t<!-- Flexy Breadcrumb -->\r\n\t\t\t<div class=\"fbc fbc-page\">\r\n\r\n\t\t\t\t<!-- Breadcrumb wrapper -->\r\n\t\t\t\t<div class=\"fbc-wrap\">\r\n\r\n\t\t\t\t\t<!-- Ordered list-->\r\n\t\t\t\t\t<ol class=\"fbc-items\" itemscope itemtype=\"https:\/\/schema.org\/BreadcrumbList\">\r\n\t\t\t\t\t\t            <li itemprop=\"itemListElement\" itemscope itemtype=\"https:\/\/schema.org\/ListItem\">\r\n                <span itemprop=\"name\">\r\n                    <!-- Home Link -->\r\n                    <a itemprop=\"item\" href=\"https:\/\/www.adocia.com\/fr\/\">\r\n                    \r\n                        Accueil                    <\/a>\r\n                <\/span>\r\n                <meta itemprop=\"position\" content=\"1\" \/><!-- Meta Position-->\r\n             <\/li><li><span class=\"fbc-separator\">><\/span><\/li><li class=\"active\" itemprop=\"itemListElement\" itemscope itemtype=\"https:\/\/schema.org\/ListItem\"><span itemprop=\"name\" title=\"Environnement de travail\">Environnement de travail<\/span><meta itemprop=\"position\" content=\"2\" \/><\/li>\t\t\t\t\t<\/ol>\r\n\t\t\t\t\t<div class=\"clearfix\"><\/div>\r\n\t\t\t\t<\/div>\r\n\t\t\t<\/div>\r\n\t\t\t[\/vc_column_text][\/vc_column][\/vc_row][vc_row el_class=\u00a0\u00bbcontainer\u00a0\u00bb][vc_column][vc_column_text el_class=\u00a0\u00bbfadeInLeft\u00a0\u00bb]<\/p>\n<h2>Dialogue, convivialit\u00e9, bienveillance<\/h2>\n<p>[\/vc_column_text][\/vc_column][\/vc_row][vc_section el_class=\u00a0\u00bbbg-grey\u00a0\u00bb][vc_row content_placement=\u00a0\u00bbmiddle\u00a0\u00bb el_class=\u00a0\u00bbcontainer\u00a0\u00bb][vc_column el_class=\u00a0\u00bbfadeInRight\u00a0\u00bb offset=\u00a0\u00bbvc_col-md-6&Prime;][vc_column_text]<strong>Les laboratoires et bureaux sont situ\u00e9s sur un unique site \u00e0 Lyon, ce qui favorise la communication et les liens sociaux entre les \u00e9quipes.<\/strong><\/p>\n<p>Adocia y a am\u00e9nag\u00e9 un grand espace appel\u00e9 \u201csalle d\u2019\u00e9changes\u201d dans lequel les employ\u00e9s se retrouvent lors de pauses (boissons chaudes offertes !) et pour d\u00e9jeuner ensemble.<\/p>\n<p>Chaque ann\u00e9e, Adocia organise une f\u00eate de No\u00ebl et un barbecue d\u2019\u00e9t\u00e9 pour les collaborateurs, ainsi que des journ\u00e9es \u00ab portes ouvertes \u00bb pour faire d\u00e9couvrir aux familles l\u2019environnement de travail.[\/vc_column_text][\/vc_column][vc_column el_class=\u00a0\u00bbfadeInRight\u00a0\u00bb offset=\u00a0\u00bbvc_col-md-6&Prime;][vc_single_image image=\u00a0\u00bb2363&Prime; img_size=\u00a0\u00bbfull\u00a0\u00bb alignment=\u00a0\u00bbcenter\u00a0\u00bb][\/vc_column][\/vc_row][\/vc_section][vc_section][vc_row content_placement=\u00a0\u00bbmiddle\u00a0\u00bb el_class=\u00a0\u00bbcontainer\u00a0\u00bb][vc_column el_class=\u00a0\u00bbfadeInLeft\u00a0\u00bb offset=\u00a0\u00bbvc_col-md-6&Prime;][vc_column_text]<\/p>\n<h2>Accessibilit\u00e9 et transports<\/h2>\n<p>Un parking couvert gratuit est \u00e9galement disponible pour les employ\u00e9s venant en voiture, ainsi qu\u2019un local \u00e0 v\u00e9lo s\u00e9curis\u00e9. Le site d\u2019Adocia, localis\u00e9 au centre de Lyon, est facilement accessible en transports en commun (tramway, bus, m\u00e9tro).[\/vc_column_text][\/vc_column][vc_column el_class=\u00a0\u00bbfadeInLeft\u00a0\u00bb offset=\u00a0\u00bbvc_col-md-6&Prime;][vc_single_image image=\u00a0\u00bb2365&Prime; img_size=\u00a0\u00bbfull\u00a0\u00bb alignment=\u00a0\u00bbcenter\u00a0\u00bb][\/vc_column][\/vc_row][\/vc_section][vc_section el_class=\u00a0\u00bbbg-grey\u00a0\u00bb][vc_row content_placement=\u00a0\u00bbmiddle\u00a0\u00bb el_class=\u00a0\u00bbcontainer\u00a0\u00bb][vc_column el_class=\u00a0\u00bbfadeInRight\u00a0\u00bb offset=\u00a0\u00bbvc_col-md-6&Prime;][vc_column_text el_class=\u00a0\u00bbcheck-list\u00a0\u00bb]<\/p>\n<h2>Un Jardin dans la ville classifi\u00e9 \u00ab\u00a0refuge LPO\u00a0\u00bb<\/h2>\n<p><strong> (Ligue pour la Protection des Oiseaux)<\/strong><\/p>\n<p>Adocia a, depuis ses d\u00e9buts, accord\u00e9 une importance particuli\u00e8re \u00e0 l\u2019am\u00e9lioration de la qualit\u00e9 de vie de ses employ\u00e9s. Aussi, Adocia recherche \u00e0 minimiser au maximum son impact environnemental.<\/p>\n<ul>\n<li>Un ancien parking a \u00e9t\u00e9 acquis pour \u00eatre transform\u00e9 en agr\u00e9able jardin, dans lequel les employ\u00e9s se retrouvent pour d\u00e9jeuner aux beaux jours<\/li>\n<li>Un compost a \u00e9t\u00e9 install\u00e9, avec l\u2019aide d\u2019une entreprise locale<\/li>\n<li>Un potager est entretenu par les salari\u00e9s, leur permettant ainsi de cultiver fruits et l\u00e9gumes bio<\/li>\n<li>4 ruches ont \u00e9t\u00e9 install\u00e9es dans le jardin pour contribuer \u00e0 la pollinisation dans la ville<\/li>\n<\/ul>\n<p><strong>Tous ces efforts ont men\u00e9 Adocia \u00e0 recevoir le label de \u00ab\u00a0refuge LPO\u00a0\u00bb, d\u00e9cern\u00e9 par la Ligue de Protection des Oiseaux. <\/strong>[\/vc_column_text][\/vc_column][vc_column el_class=\u00a0\u00bbfadeInRight\u00a0\u00bb offset=\u00a0\u00bbvc_col-md-6&Prime;][vc_single_image image=\u00a0\u00bb2361&Prime; img_size=\u00a0\u00bbfull\u00a0\u00bb alignment=\u00a0\u00bbcenter\u00a0\u00bb][\/vc_column][\/vc_row][\/vc_section][vc_row content_placement=\u00a0\u00bbmiddle\u00a0\u00bb el_class=\u00a0\u00bbcontainer my-5&Prime;][vc_column][vc_column_text][\/vc_column_text][\/vc_column][\/vc_row]<\/p>\n<\/section>","protected":false},"excerpt":{"rendered":"<p>[vc_row content_placement=\u00a0\u00bbmiddle\u00a0\u00bb el_id=\u00a0\u00bbfirstimg\u00a0\u00bb css=\u00a0\u00bb.vc_custom_1714032490821{background-image: url(https:\/\/www.adocia.com\/composants\/uploads\/2024\/04\/Adocia-2024-20-1.jpg?id=18062) !important;background-position: center !important;background-repeat: no-repeat !important;background-size: cover !important;}\u00a0\u00bb][vc_column][vc_row_inner el_class=\u00a0\u00bbcontainer\u00a0\u00bb][vc_column_inner el_class=\u00a0\u00bbfadeInLeft\u00a0\u00bb width=\u00a0\u00bb3\/4&Prime; offset=\u00a0\u00bbvc_col-md-5&Prime;][vc_column_text] Environnement de travail [\/vc_column_text][vc_column_text][\/vc_column_text][\/vc_column_inner][\/vc_row_inner][\/vc_column][\/vc_row][vc_row content_placement=\u00a0\u00bbmiddle\u00a0\u00bb el_class=\u00a0\u00bbcontainer block-separator\u00a0\u00bb][vc_column][vc_column_text][\/vc_column_text][\/vc_column][\/vc_row][vc_row el_class=\u00a0\u00bbcontainer pt-3 [&hellip;]<\/p>\n","protected":false},"author":1,"featured_media":0,"parent":5182,"menu_order":2,"comment_status":"closed","ping_status":"closed","template":"","meta":{"_monsterinsights_skip_tracking":false,"_monsterinsights_sitenote_active":false,"_monsterinsights_sitenote_note":"","_monsterinsights_sitenote_category":0,"footnotes":""},"acf":[],"aioseo_notices":[],"_links":{"self":[{"href":"https:\/\/www.adocia.com\/fr\/wp-json\/wp\/v2\/pages\/5197"}],"collection":[{"href":"https:\/\/www.adocia.com\/fr\/wp-json\/wp\/v2\/pages"}],"about":[{"href":"https:\/\/www.adocia.com\/fr\/wp-json\/wp\/v2\/types\/page"}],"author":[{"embeddable":true,"href":"https:\/\/www.adocia.com\/fr\/wp-json\/wp\/v2\/users\/1"}],"replies":[{"embeddable":true,"href":"https:\/\/www.adocia.com\/fr\/wp-json\/wp\/v2\/comments?post=5197"}],"version-history":[{"count":8,"href":"https:\/\/www.adocia.com\/fr\/wp-json\/wp\/v2\/pages\/5197\/revisions"}],"predecessor-version":[{"id":18092,"href":"https:\/\/www.adocia.com\/fr\/wp-json\/wp\/v2\/pages\/5197\/revisions\/18092"}],"up":[{"embeddable":true,"href":"https:\/\/www.adocia.com\/fr\/wp-json\/wp\/v2\/pages\/5182"}],"wp:attachment":[{"href":"https:\/\/www.adocia.com\/fr\/wp-json\/wp\/v2\/media?parent=5197"}],"curies":[{"name":"wp","href":"https:\/\/api.w.org\/{rel}","templated":true}]}}